{"id":1999,"date":"2024-10-03T17:49:37","date_gmt":"2024-10-03T17:49:37","guid":{"rendered":"https:\/\/arsenalpark.ro\/politica-cookie-uri-ue\/"},"modified":"2025-04-10T14:46:05","modified_gmt":"2025-04-10T14:46:05","slug":"politica-cookie-uri-ue","status":"publish","type":"page","link":"https:\/\/arsenalpark.ro\/en\/politica-cookie-uri-ue\/","title":{"rendered":"Politic\u0103 cookie-uri (UE)"},"content":{"rendered":"\n<div class=\"wp-block-group has-blue-background-color has-background\" style=\"padding-top:var(--wp--preset--spacing--50);padding-right:var(--wp--preset--spacing--80);padding-bottom:var(--wp--preset--spacing--50);padding-left:var(--wp--preset--spacing--80)\">\n<div class=\"uc-embed\" uc-embed-show-toggle=\"true\"><\/div>\n<\/div>\n","protected":false},"excerpt":{"rendered":"","protected":false},"author":4,"featured_media":0,"parent":0,"menu_order":0,"comment_status":"closed","ping_status":"closed","template":"","meta":{"_acf_changed":false,"footnotes":""},"class_list":["post-1999","page","type-page","status-publish","hentry"],"acf":[],"yoast_head":"<!-- This site is optimized with the Yoast SEO plugin v27.5 - https:\/\/yoast.com\/product\/yoast-seo-wordpress\/ -->\n<title>Politic\u0103 cookie-uri (UE) - Arsenal Park<\/title>\n<meta name=\"description\" content=\"Aceast\u0103 Politic\u0103 cookie-uri a fost actualizat\u0103 ultima dat\u0103 pe octombrie 3, 2024 \u0219i se aplic\u0103 cet\u0103\u021benilor \u0219i reziden\u021bilor permanen\u021bi din Spa\u021biul Economic European \u0219i Elve\u021bia.\" \/>\n<meta name=\"robots\" content=\"index, follow, max-snippet:-1, max-image-preview:large, max-video-preview:-1\" \/>\n<link rel=\"canonical\" href=\"https:\/\/arsenalpark.ro\/en\/politica-cookie-uri-ue\/\" \/>\n<meta property=\"og:locale\" content=\"en_US\" \/>\n<meta property=\"og:type\" content=\"article\" \/>\n<meta property=\"og:title\" content=\"Politic\u0103 cookie-uri (UE) - Arsenal Park\" \/>\n<meta property=\"og:description\" content=\"Aceast\u0103 Politic\u0103 cookie-uri a fost actualizat\u0103 ultima dat\u0103 pe octombrie 3, 2024 \u0219i se aplic\u0103 cet\u0103\u021benilor \u0219i reziden\u021bilor permanen\u021bi din Spa\u021biul Economic European \u0219i Elve\u021bia.\" \/>\n<meta property=\"og:url\" content=\"https:\/\/arsenalpark.ro\/en\/politica-cookie-uri-ue\/\" \/>\n<meta property=\"og:site_name\" content=\"Arsenal Park\" \/>\n<meta property=\"article:publisher\" content=\"https:\/\/www.facebook.com\/ArsenalPark\" \/>\n<meta property=\"article:modified_time\" content=\"2025-04-10T14:46:05+00:00\" \/>\n<meta name=\"twitter:card\" content=\"summary_large_image\" \/>\n<script type=\"application\/ld+json\" class=\"yoast-schema-graph\">{\"@context\":\"https:\\\/\\\/schema.org\",\"@graph\":[{\"@type\":\"WebPage\",\"@id\":\"https:\\\/\\\/arsenalpark.ro\\\/en\\\/politica-cookie-uri-ue\\\/\",\"url\":\"https:\\\/\\\/arsenalpark.ro\\\/en\\\/politica-cookie-uri-ue\\\/\",\"name\":\"Politic\u0103 cookie-uri (UE) - Arsenal Park\",\"isPartOf\":{\"@id\":\"https:\\\/\\\/arsenalpark.ro\\\/en\\\/#website\"},\"datePublished\":\"2024-10-03T17:49:37+00:00\",\"dateModified\":\"2025-04-10T14:46:05+00:00\",\"description\":\"Aceast\u0103 Politic\u0103 cookie-uri a fost actualizat\u0103 ultima dat\u0103 pe octombrie 3, 2024 \u0219i se aplic\u0103 cet\u0103\u021benilor \u0219i reziden\u021bilor permanen\u021bi din Spa\u021biul Economic European \u0219i Elve\u021bia.\",\"breadcrumb\":{\"@id\":\"https:\\\/\\\/arsenalpark.ro\\\/en\\\/politica-cookie-uri-ue\\\/#breadcrumb\"},\"inLanguage\":\"en-US\",\"potentialAction\":[{\"@type\":\"ReadAction\",\"target\":[\"https:\\\/\\\/arsenalpark.ro\\\/en\\\/politica-cookie-uri-ue\\\/\"]}]},{\"@type\":\"BreadcrumbList\",\"@id\":\"https:\\\/\\\/arsenalpark.ro\\\/en\\\/politica-cookie-uri-ue\\\/#breadcrumb\",\"itemListElement\":[{\"@type\":\"ListItem\",\"position\":1,\"name\":\"Prima pagin\u0103\",\"item\":\"https:\\\/\\\/arsenalpark.ro\\\/en\\\/\"},{\"@type\":\"ListItem\",\"position\":2,\"name\":\"Politic\u0103 cookie-uri (UE)\"}]},{\"@type\":\"WebSite\",\"@id\":\"https:\\\/\\\/arsenalpark.ro\\\/en\\\/#website\",\"url\":\"https:\\\/\\\/arsenalpark.ro\\\/en\\\/\",\"name\":\"Arsenal Aventura & Aqua Park\",\"description\":\"\",\"publisher\":{\"@id\":\"https:\\\/\\\/arsenalpark.ro\\\/en\\\/#organization\"},\"alternateName\":\"Arsenal Park\",\"potentialAction\":[{\"@type\":\"SearchAction\",\"target\":{\"@type\":\"EntryPoint\",\"urlTemplate\":\"https:\\\/\\\/arsenalpark.ro\\\/en\\\/?s={search_term_string}\"},\"query-input\":{\"@type\":\"PropertyValueSpecification\",\"valueRequired\":true,\"valueName\":\"search_term_string\"}}],\"inLanguage\":\"en-US\"},{\"@type\":\"Organization\",\"@id\":\"https:\\\/\\\/arsenalpark.ro\\\/en\\\/#organization\",\"name\":\"Arsenal Aventura & Aqua Park\",\"alternateName\":\"Arsenal Park\",\"url\":\"https:\\\/\\\/arsenalpark.ro\\\/en\\\/\",\"logo\":{\"@type\":\"ImageObject\",\"inLanguage\":\"en-US\",\"@id\":\"https:\\\/\\\/arsenalpark.ro\\\/en\\\/#\\\/schema\\\/logo\\\/image\\\/\",\"url\":\"https:\\\/\\\/arsenalpark.ro\\\/wp-content\\\/uploads\\\/2025\\\/03\\\/logo-Arsenal-Aventura-and-AquaPark.jpg\",\"contentUrl\":\"https:\\\/\\\/arsenalpark.ro\\\/wp-content\\\/uploads\\\/2025\\\/03\\\/logo-Arsenal-Aventura-and-AquaPark.jpg\",\"width\":1182,\"height\":1182,\"caption\":\"Arsenal Aventura & Aqua Park\"},\"image\":{\"@id\":\"https:\\\/\\\/arsenalpark.ro\\\/en\\\/#\\\/schema\\\/logo\\\/image\\\/\"},\"sameAs\":[\"https:\\\/\\\/www.facebook.com\\\/ArsenalPark\",\"https:\\\/\\\/wa.me\\\/+40799108391\",\"https:\\\/\\\/www.tiktok.com\\\/@arsenalparkromania\",\"https:\\\/\\\/www.instagram.com\\\/arsenalpark_romania\\\/\",\"https:\\\/\\\/www.youtube.com\\\/channel\\\/UC9S7vUdH2TlEyIbgJVKY8kQ\"]}]}<\/script>\n<!-- \/ Yoast SEO plugin. -->","yoast_head_json":{"title":"Politic\u0103 cookie-uri (UE) - Arsenal Park","description":"Aceast\u0103 Politic\u0103 cookie-uri a fost actualizat\u0103 ultima dat\u0103 pe octombrie 3, 2024 \u0219i se aplic\u0103 cet\u0103\u021benilor \u0219i reziden\u021bilor permanen\u021bi din Spa\u021biul Economic European \u0219i Elve\u021bia.","robots":{"index":"index","follow":"follow","max-snippet":"max-snippet:-1","max-image-preview":"max-image-preview:large","max-video-preview":"max-video-preview:-1"},"canonical":"https:\/\/arsenalpark.ro\/en\/politica-cookie-uri-ue\/","og_locale":"en_US","og_type":"article","og_title":"Politic\u0103 cookie-uri (UE) - Arsenal Park","og_description":"Aceast\u0103 Politic\u0103 cookie-uri a fost actualizat\u0103 ultima dat\u0103 pe octombrie 3, 2024 \u0219i se aplic\u0103 cet\u0103\u021benilor \u0219i reziden\u021bilor permanen\u021bi din Spa\u021biul Economic European \u0219i Elve\u021bia.","og_url":"https:\/\/arsenalpark.ro\/en\/politica-cookie-uri-ue\/","og_site_name":"Arsenal Park","article_publisher":"https:\/\/www.facebook.com\/ArsenalPark","article_modified_time":"2025-04-10T14:46:05+00:00","twitter_card":"summary_large_image","schema":{"@context":"https:\/\/schema.org","@graph":[{"@type":"WebPage","@id":"https:\/\/arsenalpark.ro\/en\/politica-cookie-uri-ue\/","url":"https:\/\/arsenalpark.ro\/en\/politica-cookie-uri-ue\/","name":"Politic\u0103 cookie-uri (UE) - Arsenal Park","isPartOf":{"@id":"https:\/\/arsenalpark.ro\/en\/#website"},"datePublished":"2024-10-03T17:49:37+00:00","dateModified":"2025-04-10T14:46:05+00:00","description":"Aceast\u0103 Politic\u0103 cookie-uri a fost actualizat\u0103 ultima dat\u0103 pe octombrie 3, 2024 \u0219i se aplic\u0103 cet\u0103\u021benilor \u0219i reziden\u021bilor permanen\u021bi din Spa\u021biul Economic European \u0219i Elve\u021bia.","breadcrumb":{"@id":"https:\/\/arsenalpark.ro\/en\/politica-cookie-uri-ue\/#breadcrumb"},"inLanguage":"en-US","potentialAction":[{"@type":"ReadAction","target":["https:\/\/arsenalpark.ro\/en\/politica-cookie-uri-ue\/"]}]},{"@type":"BreadcrumbList","@id":"https:\/\/arsenalpark.ro\/en\/politica-cookie-uri-ue\/#breadcrumb","itemListElement":[{"@type":"ListItem","position":1,"name":"Prima pagin\u0103","item":"https:\/\/arsenalpark.ro\/en\/"},{"@type":"ListItem","position":2,"name":"Politic\u0103 cookie-uri (UE)"}]},{"@type":"WebSite","@id":"https:\/\/arsenalpark.ro\/en\/#website","url":"https:\/\/arsenalpark.ro\/en\/","name":"Arsenal Aventura & Aqua Park","description":"","publisher":{"@id":"https:\/\/arsenalpark.ro\/en\/#organization"},"alternateName":"Arsenal Park","potentialAction":[{"@type":"SearchAction","target":{"@type":"EntryPoint","urlTemplate":"https:\/\/arsenalpark.ro\/en\/?s={search_term_string}"},"query-input":{"@type":"PropertyValueSpecification","valueRequired":true,"valueName":"search_term_string"}}],"inLanguage":"en-US"},{"@type":"Organization","@id":"https:\/\/arsenalpark.ro\/en\/#organization","name":"Arsenal Aventura & Aqua Park","alternateName":"Arsenal Park","url":"https:\/\/arsenalpark.ro\/en\/","logo":{"@type":"ImageObject","inLanguage":"en-US","@id":"https:\/\/arsenalpark.ro\/en\/#\/schema\/logo\/image\/","url":"https:\/\/arsenalpark.ro\/wp-content\/uploads\/2025\/03\/logo-Arsenal-Aventura-and-AquaPark.jpg","contentUrl":"https:\/\/arsenalpark.ro\/wp-content\/uploads\/2025\/03\/logo-Arsenal-Aventura-and-AquaPark.jpg","width":1182,"height":1182,"caption":"Arsenal Aventura & Aqua Park"},"image":{"@id":"https:\/\/arsenalpark.ro\/en\/#\/schema\/logo\/image\/"},"sameAs":["https:\/\/www.facebook.com\/ArsenalPark","https:\/\/wa.me\/+40799108391","https:\/\/www.tiktok.com\/@arsenalparkromania","https:\/\/www.instagram.com\/arsenalpark_romania\/","https:\/\/www.youtube.com\/channel\/UC9S7vUdH2TlEyIbgJVKY8kQ"]}]}},"_links":{"self":[{"href":"https:\/\/arsenalpark.ro\/en\/wp-json\/wp\/v2\/pages\/1999","targetHints":{"allow":["GET"]}}],"collection":[{"href":"https:\/\/arsenalpark.ro\/en\/wp-json\/wp\/v2\/pages"}],"about":[{"href":"https:\/\/arsenalpark.ro\/en\/wp-json\/wp\/v2\/types\/page"}],"author":[{"embeddable":true,"href":"https:\/\/arsenalpark.ro\/en\/wp-json\/wp\/v2\/users\/4"}],"replies":[{"embeddable":true,"href":"https:\/\/arsenalpark.ro\/en\/wp-json\/wp\/v2\/comments?post=1999"}],"version-history":[{"count":5,"href":"https:\/\/arsenalpark.ro\/en\/wp-json\/wp\/v2\/pages\/1999\/revisions"}],"predecessor-version":[{"id":2614,"href":"https:\/\/arsenalpark.ro\/en\/wp-json\/wp\/v2\/pages\/1999\/revisions\/2614"}],"wp:attachment":[{"href":"https:\/\/arsenalpark.ro\/en\/wp-json\/wp\/v2\/media?parent=1999"}],"curies":[{"name":"wp","href":"https:\/\/api.w.org\/{rel}","templated":true}]}}