{"id":24,"date":"2023-04-08T16:54:42","date_gmt":"2023-04-08T16:54:42","guid":{"rendered":"https:\/\/arsenal.sofresh.ro\/despre-noi\/"},"modified":"2024-10-01T15:53:18","modified_gmt":"2024-10-01T15:53:18","slug":"about-us","status":"publish","type":"page","link":"https:\/\/arsenalpark.ro\/en\/about-us\/","title":{"rendered":"About us"},"content":{"rendered":"<section class=\"section-2 imageblocksec  is-style-rightimage  has-background has-whitebg-background-color \">\n        <div class=\"container\">\n\t\t<div class=\"first-row\">\n\t\t\t<div class=\"paragraf\">\n                                    <h2 >LET'S GET TO KNOW EACH OTHER<\/h2>\n                \t\t\t<\/div>\n        <\/div>    \n                    <div class=\"part-1 col-6\">\n                <div class=\"block-slider\">\n                                    <div class=\"slider-atractii\">\n                                                    <div class=\"slider-item\">\n                                <img decoding=\"async\" src=\"https:\/\/arsenalpark.ro\/wp-content\/uploads\/2024\/09\/Arsenal-Aventura-Aqua-Park_Despre-Noi_ParcDrona-768x576.jpeg\" alt=\"Vedere aeriana a padurii dn Arsenal Park\" \/>\n                            <\/div>\n                                                    <div class=\"slider-item\">\n                                <img decoding=\"async\" src=\"https:\/\/arsenalpark.ro\/wp-content\/uploads\/2023\/06\/Rectangle-135.jpg\" alt=\"Vedere aeriana a Arsenal Aqua Park\" \/>\n                            <\/div>\n                                                <\/div>\n                                <\/div>\n            <\/div>\n                <div class=\"part-2 col-6\">\n            <div class=\"paragraf\">\n                                    <div class=\"paragraf\">\n                        <p>Transforming a former ammunition and armaments site into a park dedicated to outdoor fun and relaxation says everything about who we are. We work with what we have, improve, and fix things up, but above all, we focus on the needs of the community. These 88 hectares have been reimagined to welcome visitors, and as you explore the grounds, you\u2019ll stumble upon countless attractions.<\/p>\n<p>What we love most is catching you by surprise. So every time we hear an \u201cOh, wow!\u201d, whether it\u2019s a \u201cWow!\u201d, \u201cWhoa!\u201d, or even a good ol\u2019 \u201cOh my gosh!\u201d\u2014coming from any corner of the park, whether you\u2019re relaxing, grabbing a bite, or having an adventure, we know we\u2019ve done our job. And we\u2019ll be ready the next day, with eyes and ears open, waiting for the next burst of excitement.<\/p>\n<p>Even if we wanted to, we couldn\u2019t spill all our secrets\u2014some things just have to be experienced! So, with that said, we\u2019ve only got one thing left to do: invite you to come! Welcome to Arsenal Park \u2013 Or\u0103\u0219tie, Hunedoara!<\/p>\n                    <\/div>\n                            <\/div>  \n                    <\/div>\n    <\/div>\n<\/section>\n\n<section class=\"section-2 imageblocksec   has-background has-blue-background-color \">\n            <span class=\"wow\">OH!WOW!<\/span>\n        <div class=\"container\">\n\t\t<div class=\"first-row\">\n\t\t\t<div class=\"paragraf\">\n                                    <h2 >Discover Arsenal Park\u2019s Attractions!<\/h2>\n                \t\t\t<\/div>\n        <\/div>    \n                    <div class=\"part-1 col-6\">\n                <img loading=\"lazy\" decoding=\"async\" width=\"554\" height=\"554\" src=\"https:\/\/arsenalpark.ro\/wp-content\/uploads\/2024\/09\/Arsenal-Aventura-Aqua-Park_Despre-Noi_Aventura-554x554.jpeg\" class=\"attachment-it size-it\" alt=\"PowerFan jump la Arsenal Park\" srcset=\"https:\/\/arsenalpark.ro\/wp-content\/uploads\/2024\/09\/Arsenal-Aventura-Aqua-Park_Despre-Noi_Aventura-554x554.jpeg 554w, https:\/\/arsenalpark.ro\/wp-content\/uploads\/2024\/09\/Arsenal-Aventura-Aqua-Park_Despre-Noi_Aventura-150x150.jpeg 150w\" sizes=\"auto, (max-width: 554px) 100vw, 554px\" \/>            <\/div>\n                <div class=\"part-2 col-6\">\n            <div class=\"paragraf\">\n                                    <div class=\"paragraf\">\n                        <p>Everything we\u2019ve built here has been designed to fit you like a glove, no matter who you are or what you\u2019re after.<\/p>\n<p>Explore the 88 hectares of land and enjoy attractions at every turn, each more exciting than the last. And trust us, this isn\u2019t even the most interesting Treasure Hunt we\u2019ve got in store for you! Of course, if you prefer, you can always just kick back and relax.<\/p>\n                    <\/div>\n                            <\/div>  \n                            <a class=\"button4\" href=\"\/en\/attractions\/\" target=\"_self\" title=\"Discover more\">Discover more<\/a>\n                        <\/div>\n    <\/div>\n<\/section>\n\n<section class=\"section-2 imageblocksec  is-style-rightimage  has-background has-green-background-color \">\n            <span class=\"wow\">Relaxation<\/span>\n        <div class=\"container\">\n\t\t<div class=\"first-row\">\n\t\t\t<div class=\"paragraf\">\n                                    <h2 >Savor the Bold Taste of Adventure!<\/h2>\n                \t\t\t<\/div>\n        <\/div>    \n                    <div class=\"part-1 col-6\">\n                <img loading=\"lazy\" decoding=\"async\" width=\"554\" height=\"554\" src=\"https:\/\/arsenalpark.ro\/wp-content\/uploads\/2024\/09\/Arsenal-Aventura-Aqua-Park_Despre-Noi_Relaxare-554x554.jpeg\" class=\"attachment-it size-it\" alt=\"Fata la Arsenal Aqua Park\" srcset=\"https:\/\/arsenalpark.ro\/wp-content\/uploads\/2024\/09\/Arsenal-Aventura-Aqua-Park_Despre-Noi_Relaxare-554x554.jpeg 554w, https:\/\/arsenalpark.ro\/wp-content\/uploads\/2024\/09\/Arsenal-Aventura-Aqua-Park_Despre-Noi_Relaxare-150x150.jpeg 150w\" sizes=\"auto, (max-width: 554px) 100vw, 554px\" \/>            <\/div>\n                <div class=\"part-2 col-6\">\n            <div class=\"paragraf\">\n                                    <div class=\"paragraf\">\n                        <p>Here\u2019s one thing we can guarantee: everything tastes as good as it looks. We carefully choose our recipes, making sure the fresh ingredients are given the attention they deserve.<\/p>\n<p>We\u2019ve kept the old-school tradition of being fully satisfied after every meal\u2014along with having a sturdy drink to go with it\u2014and brought it all up-to-date for you to enjoy.<\/p>\n<p>Ready to experience all this for yourself? Arsenal Park is waiting for you!<\/p>\n                    <\/div>\n                            <\/div>  \n                            <a class=\"button4\" href=\"\/en\/attractions\/\" target=\"_self\" title=\"Discover more\">Discover more<\/a>\n                        <\/div>\n    <\/div>\n<\/section>\n\n<section class=\"section-2 imageblocksec  is-style-leftimage  has-background has-orange-background-color \">\n            <span class=\"wow\">GO!GO!<\/span>\n        <div class=\"container\">\n\t\t<div class=\"first-row\">\n\t\t\t<div class=\"paragraf\">\n                                    <h2 >Unwind in the Heart of Nature<\/h2>\n                \t\t\t<\/div>\n        <\/div>    \n                    <div class=\"part-1 col-6\">\n                <img loading=\"lazy\" decoding=\"async\" width=\"554\" height=\"554\" src=\"https:\/\/arsenalpark.ro\/wp-content\/uploads\/2024\/09\/Arsenal-Aventura-Aqua-Park_Despre-Noi_Cazare-554x554.jpeg\" class=\"attachment-it size-it\" alt=\"Cazare la Arsenal Park\" srcset=\"https:\/\/arsenalpark.ro\/wp-content\/uploads\/2024\/09\/Arsenal-Aventura-Aqua-Park_Despre-Noi_Cazare-554x554.jpeg 554w, https:\/\/arsenalpark.ro\/wp-content\/uploads\/2024\/09\/Arsenal-Aventura-Aqua-Park_Despre-Noi_Cazare-150x150.jpeg 150w\" sizes=\"auto, (max-width: 554px) 100vw, 554px\" \/>            <\/div>\n                <div class=\"part-2 col-6\">\n            <div class=\"paragraf\">\n                                    <div class=\"paragraf\">\n                        <p>After a day full of adrenaline-packed activities at Arsenal Park, we\u2019ve prepared the perfect cozy, welcoming space where you can unwind and recharge.<\/p>\n<p>Arsenal Park\u2019s 3-star complex, with 180 available spots and surrounded by the wild beauty of Transylvania, offers spacious, airy rooms styled with military d\u00e9cor.<\/p>\n                    <\/div>\n                            <\/div>  \n                            <a class=\"button4\" href=\"https:\/\/arsenalpark.ro\/en\/accommodation\/\" target=\"_self\" title=\"Discover more\">Discover more<\/a>\n                        <\/div>\n    <\/div>\n<\/section>\n\n\r\n<section class=\"section-5 block-testimonials \">\r\n    <div class=\"container\">\r\n                    <h2>Testimoniale<\/h2>\r\n                            <div class=\"slider-testimoniale\">\r\n                                    <div>\r\n                                                    <h5>Alexandru<\/h5>\r\n                                                                            <p>\u201cUn parc foarte mare, o experienta interesanta. Noi l-am vizitat doar ca o excursie de o zi, am parcurs toate zonele, poate pu\u021bin pe fuga, din lipsa timpului, ne am jucat minigolf, \u00eens\u0103 este imens...\u201d<\/p>\r\n                        \r\n                    <\/div>\r\n                                    <div>\r\n                                                    <h5>Eugen<\/h5>\r\n                                                                            <p>\"V\u0103 mul\u021bumim pentru  un sejur de neuitat \u00een  loca\u021bia dumneavoastr\u0103, totul  la superlativ. Vom  reveni cu  drag!\ud83c\udf7e\ud83c\udf7e\ud83c\udf7e\ud83c\udf7e\ud83c\udf7e\ud83c\udf39\ud83c\udf39\"<\/p>\r\n                        \r\n                    <\/div>\r\n                                    <div>\r\n                                                    <h5>Gabriel<\/h5>\r\n                                                                            <p>\u201cLoca\u021bie foarte frumoasa, despre care, nu \u0219tiam absolut nimic p\u00e2n\u0103 acum o s\u0103pt\u0103m\u00e2n\u0103. Lini\u0219te, camere curate, c\u0103ldur\u0103, mic dejun gustos. Se pot face diverse activit\u0103\u021bi...\u201d<\/p>\r\n                        \r\n                    <\/div>\r\n                                    <div>\r\n                                                    <h5>Delia<\/h5>\r\n                                                                            <p>\u201cAm fost acolo de dou\u0103 ori, a doua oar\u0103 dup\u0103 aproape 10 ani \u0219i g\u0103sesc c\u0103 loca\u021bia arat\u0103 din ce \u00een ce mai bine, cu camere mai bune \u0219i noi oportunit\u0103\u021bi de aventur\u0103. \u0218i un Aqua Park a fost ad\u0103ugat la loca\u021bie.\u201d<\/p>\r\n                        \r\n                    <\/div>\r\n                                    <div>\r\n                                                    <h5>Codru\u021b<\/h5>\r\n                                                                            <p>\u201cDoar grozav! \u201d<\/p>\r\n                        \r\n                    <\/div>\r\n                                    <div>\r\n                                                    <h5>Ioana<\/h5>\r\n                                                                            <p>\u201cLocatia, locul, mancarea si distractiile, tot si toate sunt surprinz\u0103toare. A fost mai mult dec\u00e2t ne-am \u00eenchipuit pentru o relaxare in mijlocul naturii. Un crampei de istorie militara, o raza de soare si r\u0103coare la Aqua Park. Iar aventuraaaa pe traseele suspendate.... De \u021binut minte toat\u0103 via\u021ba. Cu siguran\u021b\u0103 vom reveni si va mul\u021bumim pentru tot ce oferiti. Felicit\u0103ri!\u201d<\/p>\r\n                        \r\n                    <\/div>\r\n                                    <div>\r\n                                                    <h5>Tania<\/h5>\r\n                                                                            <p>\"Un loc perfect pentru momentele in care v\u0103 dori\u021bi s\u0103 evada\u021bi in natura, sa va relaxati, s\u0103 ave\u021bi parte de lini\u0219te, activit\u0103\u021bi interesante pentru toate gusturile. Cu siguran\u021b\u0103 vom reveni la Arsenal!\"<\/p>\r\n                        \r\n                    <\/div>\r\n                                    <div>\r\n                                                    <h5>Vio<\/h5>\r\n                                                                            <p>\" Am petrecut cu prietenii 2 zile memorabile, totul a fost super! Locatia este intr-o padure care asigura liniste, aer curat, racoare, ideal pentru relaxare, plimbari si recreere. Camerele erau curate....\"<\/p>\r\n                        \r\n                    <\/div>\r\n                                    <div>\r\n                                                    <h5>Silvia<\/h5>\r\n                                                                            <p>\"Am fost de mai multe ori la Arsenal Park \u0219i pot spune c\u0103 este cea mai bun\u0103 alegere pentru a sc\u0103pa de stresul din marile ora\u0219e. Este un loc minunat cu oameni deosebi\u021bi \u0219i distrac\u021bia este la maxim. Toate activit\u0103\u021biile sunt o experien\u021b\u0103 inedit\u0103 in principal activit\u0103\u021biile de la turn \u0219i Aventura Park. De fiecare dat\u0103 c\u00e2nd ajung \u00een acest loc nu a\u0219 mai pleca acas\u0103. Multumesc staff-ului de nota 10!\"<\/p>\r\n                        \r\n                    <\/div>\r\n                                    <div>\r\n                                                    <h5>Miruna<\/h5>\r\n                                                                            <p>\"A fost o experien\u021b\u0103 minunat\u0103,M\u00e2ncarea este extraordinar de bun\u0103, bufetul suedez este bogat At\u00e2t la cin\u0103 cat \u0219i la micul dejun!Personalul amabil \u0219i dedicat,  primitor \u0219i z\u00e2mbitor! Cur\u0103\u021benia este un punct forte!\"<\/p>\r\n                        \r\n                    <\/div>\r\n                                    <div>\r\n                                                    <h5>Theo<\/h5>\r\n                                                                            <p>\"Totul fantastic! Mic de jun, cin\u0103, camere \u0219i loca\u021bie impecabile. Calitate\/pre\u021b top! Ma voi \u00eentoarce cu siguran\u021b\u0103 pe o perioad\u0103 mai lung\u0103 de timp\"<\/p>\r\n                        \r\n                    <\/div>\r\n                                    <div>\r\n                                                    <h5>Ion<\/h5>\r\n                                                                            <p>\"Doua zile minunate. Amabilitate maxima.Felicitari \u0219i mul\u021bumiri Arsenal Park!\"<\/p>\r\n                        \r\n                    <\/div>\r\n                                    <div>\r\n                                                    <h5>Rare\u0219<\/h5>\r\n                                                                            <p>\"Camere curate \u0219i paturi confortabile. M\u00e2ncare foarte bun\u0103 \u0219i chelneri de treab\u0103...\"<\/p>\r\n                        \r\n                    <\/div>\r\n                                    <div>\r\n                                                    <h5>Florin<\/h5>\r\n                                                                            <p>\"Organizare foarte bun\u0103, oameni primitori, complexul este bine \u00eentre\u021binut. Recomandam \u0219i celor mari, dar \u0219i celor mici.\"<\/p>\r\n                        \r\n                    <\/div>\r\n                                    <div>\r\n                                                    <h5>Anonim<\/h5>\r\n                                                                            <p>\"As da 6 stele dar nu am cum. Am g\u0103sit \u00een acest loc ceea ce se g\u0103se\u0219te foarte rar \u00een lumea asta, mai ales la noi \u00een tara, adic\u0103 OMENIA...\"<\/p>\r\n                        \r\n                    <\/div>\r\n                                    <div>\r\n                                                    <h5>Remi<\/h5>\r\n                                                                            <p>\"Foarte frumos. Personalul este foarte amabil \u0219i respectuos. Recomand cu placere.\"<\/p>\r\n                        \r\n                    <\/div>\r\n                                    <div>\r\n                                                    <h5>Adina<\/h5>\r\n                                                                            <p>\"(acum 2 ani) Un sejur minunat, oameni deosebiti, curatenia de nota 10. In fiecare zi, doamnele de la curatenie isi faceau treaba exemplar , prosoapele erau schimbate zilnic, cosurile de gunoi golite zilnic. Am cerut un uscator pentru prosoape si imediat ne-au adus... foarte dragute. Colonelul Jack.. sa traiti! Fiul meu doreste sa revina... cu siguranta o vom face!\"<\/p>\r\n                        \r\n                    <\/div>\r\n                                    <div>\r\n                                                    <h5>Andreea<\/h5>\r\n                                                                            <p>\"Am mers de 5 ori in acest loc, organizand tabere cu elevii mei. Cazarea este decenta,mancarea este buna, dar ceea ce ne castiga de fiecare data este amabilitatea personalului si dorinta Oanei, directorul de vanzari, de a-si multumi clientii. Activitatile sunt diversificate si interesante...\"<\/p>\r\n                        \r\n                    <\/div>\r\n                \r\n            <\/div>\r\n            <\/div>\r\n<\/section>","protected":false},"excerpt":{"rendered":"","protected":false},"author":1,"featured_media":2346,"parent":0,"menu_order":0,"comment_status":"closed","ping_status":"closed","template":"","meta":{"_acf_changed":false,"footnotes":""},"class_list":["post-24","page","type-page","status-publish","has-post-thumbnail","hentry"],"acf":[],"yoast_head":"<!-- This site is optimized with the Yoast SEO plugin v26.8 - https:\/\/yoast.com\/product\/yoast-seo-wordpress\/ -->\n<title>About us - Arsenal Park<\/title>\n<meta name=\"robots\" content=\"index, follow, max-snippet:-1, max-image-preview:large, max-video-preview:-1\" \/>\n<link rel=\"canonical\" href=\"https:\/\/arsenalpark.ro\/en\/about-us\/\" \/>\n<meta property=\"og:locale\" content=\"en_US\" \/>\n<meta property=\"og:type\" content=\"article\" \/>\n<meta property=\"og:title\" content=\"About us - Arsenal Park\" \/>\n<meta property=\"og:url\" content=\"https:\/\/arsenalpark.ro\/en\/about-us\/\" \/>\n<meta property=\"og:site_name\" content=\"Arsenal Park\" \/>\n<meta property=\"article:publisher\" content=\"https:\/\/www.facebook.com\/ArsenalPark\" \/>\n<meta property=\"article:modified_time\" content=\"2024-10-01T15:53:18+00:00\" \/>\n<meta name=\"twitter:card\" content=\"summary_large_image\" \/>\n<script type=\"application\/ld+json\" class=\"yoast-schema-graph\">{\"@context\":\"https:\/\/schema.org\",\"@graph\":[{\"@type\":\"WebPage\",\"@id\":\"https:\/\/arsenalpark.ro\/en\/about-us\/\",\"url\":\"https:\/\/arsenalpark.ro\/en\/about-us\/\",\"name\":\"About us - Arsenal Park\",\"isPartOf\":{\"@id\":\"https:\/\/arsenalpark.ro\/en\/#website\"},\"primaryImageOfPage\":{\"@id\":\"https:\/\/arsenalpark.ro\/en\/about-us\/#primaryimage\"},\"image\":{\"@id\":\"https:\/\/arsenalpark.ro\/en\/about-us\/#primaryimage\"},\"thumbnailUrl\":\"https:\/\/arsenalpark.ro\/wp-content\/uploads\/2025\/03\/logo-Arsenal-Aventura-and-AquaPark.jpg\",\"datePublished\":\"2023-04-08T16:54:42+00:00\",\"dateModified\":\"2024-10-01T15:53:18+00:00\",\"breadcrumb\":{\"@id\":\"https:\/\/arsenalpark.ro\/en\/about-us\/#breadcrumb\"},\"inLanguage\":\"en-US\",\"potentialAction\":[{\"@type\":\"ReadAction\",\"target\":[\"https:\/\/arsenalpark.ro\/en\/about-us\/\"]}]},{\"@type\":\"ImageObject\",\"inLanguage\":\"en-US\",\"@id\":\"https:\/\/arsenalpark.ro\/en\/about-us\/#primaryimage\",\"url\":\"https:\/\/arsenalpark.ro\/wp-content\/uploads\/2025\/03\/logo-Arsenal-Aventura-and-AquaPark.jpg\",\"contentUrl\":\"https:\/\/arsenalpark.ro\/wp-content\/uploads\/2025\/03\/logo-Arsenal-Aventura-and-AquaPark.jpg\",\"width\":1182,\"height\":1182},{\"@type\":\"BreadcrumbList\",\"@id\":\"https:\/\/arsenalpark.ro\/en\/about-us\/#breadcrumb\",\"itemListElement\":[{\"@type\":\"ListItem\",\"position\":1,\"name\":\"Prima pagin\u0103\",\"item\":\"https:\/\/arsenalpark.ro\/en\/\"},{\"@type\":\"ListItem\",\"position\":2,\"name\":\"About us\"}]},{\"@type\":\"WebSite\",\"@id\":\"https:\/\/arsenalpark.ro\/en\/#website\",\"url\":\"https:\/\/arsenalpark.ro\/en\/\",\"name\":\"Arsenal Aventura & Aqua Park\",\"description\":\"\",\"publisher\":{\"@id\":\"https:\/\/arsenalpark.ro\/en\/#organization\"},\"alternateName\":\"Arsenal Park\",\"potentialAction\":[{\"@type\":\"SearchAction\",\"target\":{\"@type\":\"EntryPoint\",\"urlTemplate\":\"https:\/\/arsenalpark.ro\/en\/?s={search_term_string}\"},\"query-input\":{\"@type\":\"PropertyValueSpecification\",\"valueRequired\":true,\"valueName\":\"search_term_string\"}}],\"inLanguage\":\"en-US\"},{\"@type\":\"Organization\",\"@id\":\"https:\/\/arsenalpark.ro\/en\/#organization\",\"name\":\"Arsenal Aventura & Aqua Park\",\"alternateName\":\"Arsenal Park\",\"url\":\"https:\/\/arsenalpark.ro\/en\/\",\"logo\":{\"@type\":\"ImageObject\",\"inLanguage\":\"en-US\",\"@id\":\"https:\/\/arsenalpark.ro\/en\/#\/schema\/logo\/image\/\",\"url\":\"https:\/\/arsenalpark.ro\/wp-content\/uploads\/2025\/03\/logo-Arsenal-Aventura-and-AquaPark.jpg\",\"contentUrl\":\"https:\/\/arsenalpark.ro\/wp-content\/uploads\/2025\/03\/logo-Arsenal-Aventura-and-AquaPark.jpg\",\"width\":1182,\"height\":1182,\"caption\":\"Arsenal Aventura & Aqua Park\"},\"image\":{\"@id\":\"https:\/\/arsenalpark.ro\/en\/#\/schema\/logo\/image\/\"},\"sameAs\":[\"https:\/\/www.facebook.com\/ArsenalPark\",\"https:\/\/wa.me\/+40799108391\",\"https:\/\/www.tiktok.com\/@arsenalparkromania\",\"https:\/\/www.instagram.com\/arsenalpark_romania\/\",\"https:\/\/www.youtube.com\/channel\/UC9S7vUdH2TlEyIbgJVKY8kQ\"]}]}<\/script>\n<!-- \/ Yoast SEO plugin. -->","yoast_head_json":{"title":"About us - Arsenal Park","robots":{"index":"index","follow":"follow","max-snippet":"max-snippet:-1","max-image-preview":"max-image-preview:large","max-video-preview":"max-video-preview:-1"},"canonical":"https:\/\/arsenalpark.ro\/en\/about-us\/","og_locale":"en_US","og_type":"article","og_title":"About us - Arsenal Park","og_url":"https:\/\/arsenalpark.ro\/en\/about-us\/","og_site_name":"Arsenal Park","article_publisher":"https:\/\/www.facebook.com\/ArsenalPark","article_modified_time":"2024-10-01T15:53:18+00:00","twitter_card":"summary_large_image","schema":{"@context":"https:\/\/schema.org","@graph":[{"@type":"WebPage","@id":"https:\/\/arsenalpark.ro\/en\/about-us\/","url":"https:\/\/arsenalpark.ro\/en\/about-us\/","name":"About us - Arsenal Park","isPartOf":{"@id":"https:\/\/arsenalpark.ro\/en\/#website"},"primaryImageOfPage":{"@id":"https:\/\/arsenalpark.ro\/en\/about-us\/#primaryimage"},"image":{"@id":"https:\/\/arsenalpark.ro\/en\/about-us\/#primaryimage"},"thumbnailUrl":"https:\/\/arsenalpark.ro\/wp-content\/uploads\/2025\/03\/logo-Arsenal-Aventura-and-AquaPark.jpg","datePublished":"2023-04-08T16:54:42+00:00","dateModified":"2024-10-01T15:53:18+00:00","breadcrumb":{"@id":"https:\/\/arsenalpark.ro\/en\/about-us\/#breadcrumb"},"inLanguage":"en-US","potentialAction":[{"@type":"ReadAction","target":["https:\/\/arsenalpark.ro\/en\/about-us\/"]}]},{"@type":"ImageObject","inLanguage":"en-US","@id":"https:\/\/arsenalpark.ro\/en\/about-us\/#primaryimage","url":"https:\/\/arsenalpark.ro\/wp-content\/uploads\/2025\/03\/logo-Arsenal-Aventura-and-AquaPark.jpg","contentUrl":"https:\/\/arsenalpark.ro\/wp-content\/uploads\/2025\/03\/logo-Arsenal-Aventura-and-AquaPark.jpg","width":1182,"height":1182},{"@type":"BreadcrumbList","@id":"https:\/\/arsenalpark.ro\/en\/about-us\/#breadcrumb","itemListElement":[{"@type":"ListItem","position":1,"name":"Prima pagin\u0103","item":"https:\/\/arsenalpark.ro\/en\/"},{"@type":"ListItem","position":2,"name":"About us"}]},{"@type":"WebSite","@id":"https:\/\/arsenalpark.ro\/en\/#website","url":"https:\/\/arsenalpark.ro\/en\/","name":"Arsenal Aventura & Aqua Park","description":"","publisher":{"@id":"https:\/\/arsenalpark.ro\/en\/#organization"},"alternateName":"Arsenal Park","potentialAction":[{"@type":"SearchAction","target":{"@type":"EntryPoint","urlTemplate":"https:\/\/arsenalpark.ro\/en\/?s={search_term_string}"},"query-input":{"@type":"PropertyValueSpecification","valueRequired":true,"valueName":"search_term_string"}}],"inLanguage":"en-US"},{"@type":"Organization","@id":"https:\/\/arsenalpark.ro\/en\/#organization","name":"Arsenal Aventura & Aqua Park","alternateName":"Arsenal Park","url":"https:\/\/arsenalpark.ro\/en\/","logo":{"@type":"ImageObject","inLanguage":"en-US","@id":"https:\/\/arsenalpark.ro\/en\/#\/schema\/logo\/image\/","url":"https:\/\/arsenalpark.ro\/wp-content\/uploads\/2025\/03\/logo-Arsenal-Aventura-and-AquaPark.jpg","contentUrl":"https:\/\/arsenalpark.ro\/wp-content\/uploads\/2025\/03\/logo-Arsenal-Aventura-and-AquaPark.jpg","width":1182,"height":1182,"caption":"Arsenal Aventura & Aqua Park"},"image":{"@id":"https:\/\/arsenalpark.ro\/en\/#\/schema\/logo\/image\/"},"sameAs":["https:\/\/www.facebook.com\/ArsenalPark","https:\/\/wa.me\/+40799108391","https:\/\/www.tiktok.com\/@arsenalparkromania","https:\/\/www.instagram.com\/arsenalpark_romania\/","https:\/\/www.youtube.com\/channel\/UC9S7vUdH2TlEyIbgJVKY8kQ"]}]}},"_links":{"self":[{"href":"https:\/\/arsenalpark.ro\/en\/wp-json\/wp\/v2\/pages\/24","targetHints":{"allow":["GET"]}}],"collection":[{"href":"https:\/\/arsenalpark.ro\/en\/wp-json\/wp\/v2\/pages"}],"about":[{"href":"https:\/\/arsenalpark.ro\/en\/wp-json\/wp\/v2\/types\/page"}],"author":[{"embeddable":true,"href":"https:\/\/arsenalpark.ro\/en\/wp-json\/wp\/v2\/users\/1"}],"replies":[{"embeddable":true,"href":"https:\/\/arsenalpark.ro\/en\/wp-json\/wp\/v2\/comments?post=24"}],"version-history":[{"count":10,"href":"https:\/\/arsenalpark.ro\/en\/wp-json\/wp\/v2\/pages\/24\/revisions"}],"predecessor-version":[{"id":1912,"href":"https:\/\/arsenalpark.ro\/en\/wp-json\/wp\/v2\/pages\/24\/revisions\/1912"}],"wp:featuredmedia":[{"embeddable":true,"href":"https:\/\/arsenalpark.ro\/en\/wp-json\/wp\/v2\/media\/2346"}],"wp:attachment":[{"href":"https:\/\/arsenalpark.ro\/en\/wp-json\/wp\/v2\/media?parent=24"}],"curies":[{"name":"wp","href":"https:\/\/api.w.org\/{rel}","templated":true}]}}