{"id":3403,"date":"2025-04-24T18:49:25","date_gmt":"2025-04-24T18:49:25","guid":{"rendered":"https:\/\/arsenalpark.ro\/?page_id=3403"},"modified":"2026-02-18T23:25:42","modified_gmt":"2026-02-18T23:25:42","slug":"may-1st-at-arsenal-park","status":"publish","type":"page","link":"https:\/\/arsenalpark.ro\/en\/offers\/may-1st-at-arsenal-park\/","title":{"rendered":"May 1st at Arsenal Park"},"content":{"rendered":"\n<div class=\"wrap plugin-container\">\n\n\t\n\t\n\t<h3 class=\"vbo-pkgdet-title\">May 1st at Arsenal Park<\/h3>\n<div class=\"vbo-pkgdet-container\">\n\t<div class=\"vbo-pkgdet-topwrap\">\n\t\t<div class=\"vbo-pkgdet-img\">\n\t\t\t<img decoding=\"async\" src=\"https:\/\/arsenalpark.ro\/wp-content\/plugins\/vikbooking\/site\/resources\/uploads\/big_sarbatori_1mai_2026.jpg\" alt=\"May 1st at Arsenal Park\" \/>\n\t\t<\/div>\n\t\t\t<div class=\"vbo-pkgdet-descrprice-block\">\n\t\t\t<div class=\"vbo-pkgdet-descr\">\n\t\t\t\t<h2 data-pm-slice=\"1 1 []\">May 1st Package\r\n<span style=\"font-size: 16px;\">May 1\u20133, 2026<\/span><\/h2>\r\n<p data-pm-slice=\"1 1 []\">May 1st is meant to be celebrated outdoors. At Arsenal Adventure &amp; Aqua Park, each day brings fun, relaxation, and special moments in a 2-night package that includes meals, a BBQ with a campfire, SPA access, and activities for all ages.<\/p>\r\n<p data-pm-slice=\"1 1 []\"><strong>RON 2,140 \u2192 RON 1,860 \/ family \/ 2 nights\r\n<\/strong><span style=\"color: #ec7940;\">Early Booking Rate<\/span><strong>\r\n<\/strong><\/p>\r\n<p data-pm-slice=\"1 1 []\"><strong>Included meals and activities<\/strong>\r\nAccommodation in an <strong>Officer Double Room<\/strong>.\r\n<span style=\"font-weight: 400;\">Children under 7 who do not require an extra bed benefit from free accommodation and meals.<\/span><\/p>\t\t\t<\/div>\n\t\t\t<div class=\"vbo-pkgdet-cost\">\n\t\t\t\t<span class=\"vbo-pkglist-pkg-price\"><span class=\"vbo_currency\">RON<\/span> <span class=\"vbo_price\">1,860<\/span><\/span>\n\t\t\t\t<span class=\"vbo-pkglist-pkg-priceper\"><\/span>\n\t\t\t<\/div>\n\t\t<\/div>\n\t\t<div class=\"vbo-pkgdet-condsdates-block\">\n\t\t\t<div class=\"vbo-pkgdet-conds\">\n\t\t\t\t<h5><b>Included Meals:<\/b><\/h5>\r\n<ul>\r\n \t<li>Breakfast, lunch, and dinner (+ one BBQ dinner with a campfire<\/li>\r\n \t<li>Check-in on the first day with dinner; check-out on the last day with breakfast<\/li>\r\n<\/ul>\r\n<h5><b>Included Activities:<\/b><\/h5>\r\n<ul class=\"ProsemirrorEditor-list\" data-pm-slice=\"3 1 []\">\r\n \t<li class=\"ProsemirrorEditor-listItem\" data-list-indent=\"1\" data-list-type=\"bulleted\">Treasure Hunt (May 2, 11:00\u201312:30)<\/li>\r\n \t<li class=\"ProsemirrorEditor-listItem\" data-list-indent=\"1\" data-list-type=\"bulleted\">SPA access with indoor pool (2 hours\/day)*<\/li>\r\n \t<li class=\"ProsemirrorEditor-listItem\" data-list-indent=\"1\" data-list-type=\"bulleted\">Mini golf*<\/li>\r\n \t<li class=\"ProsemirrorEditor-listItem\" data-list-indent=\"1\" data-list-type=\"bulleted\">Multi-purpose sports field*<\/li>\r\n<\/ul>\r\n*By reservation at the reception, subject to availability.\r\n<h5><strong>You\u2019ll Also Enjoy Access To:<\/strong><\/h5>\r\n<ul class=\"ProsemirrorEditor-list\" data-pm-slice=\"3 3 []\">\r\n \t<li class=\"ProsemirrorEditor-listItem\" data-list-indent=\"1\" data-list-type=\"bulleted\">Playgrounds<\/li>\r\n \t<li class=\"ProsemirrorEditor-listItem\" data-list-indent=\"1\" data-list-type=\"bulleted\">Trampolines<\/li>\r\n \t<li class=\"ProsemirrorEditor-listItem\" data-list-indent=\"1\" data-list-type=\"bulleted\">Open-Air Military Museum<\/li>\r\n \t<li class=\"ProsemirrorEditor-listItem\" data-list-indent=\"1\" data-list-type=\"bulleted\">Skatepark<\/li>\r\n \t<li class=\"ProsemirrorEditor-listItem\" data-list-indent=\"1\" data-list-type=\"bulleted\">88 hectares of forest and 12 km of trails<\/li>\r\n<\/ul>\r\nYou can also add extra activities for an additional fee: Adventure Park, zip line, bicycles, and more.\r\n\r\n<span style=\"font-weight: 400;\"><strong>Other amenities:<\/strong> Free parking, WiFi access, and a pet-friendly location (fees apply for pets).<\/span>\r\n\r\n<b>For personalized offers, cancellations, or rescheduling, please <a href=\"tel:0730270963\">call the Arsenal Park team<\/a> or email <a href=\"mailto:crm@arsenalpark.ro\">crm@arsenalpark.ro<\/a>. For more details, you can also <a href=\"https:\/\/wa.me\/40730270963\">contact us on WhatsApp<\/a>.\r\n<\/b>\t\t\t<\/div>\n\t\t\t<div class=\"vbo-pkgdet-dates\">\n\t\t\t\t<i class=\"far fa-clock\"><\/i>\t\t\t\t<span class=\"vbo-pkgdet-dates-lbl\">Validity<\/span>\n\t\t\t\t<span class=\"vbo-pkgdet-dates-ft\">01\/05\/2026 - 03\/05\/2026<\/span>\n\t\t\t<\/div>\n\t\t<\/div>\n\t\t<div class=\"vbo-pkgdet-benefits\">\n\t\t\tMeals, Spa access and activities included\t\t<\/div>\n\t\t<\/div>\n\n\t<div class=\"vbo-pkgdet-roomswrap\">\n\t\t<h3 class=\"vbo-pkgdet-roomsttl\">Book now your room<\/h3>\n\t\t<div class=\"vbo-pkgdet-roomslist\">\n\t\t\t\t<div class=\"vbo-pkgdet-room-container\">\n\t\t\t\t<div class=\"vbo-pkgdet-room-outer\">\n\t\t\t\t\t\t\t\t<div class=\"vbo-pkgdet-room-img\">\n\t\t\t\t\t\t<img decoding=\"async\" src=\"https:\/\/arsenalpark.ro\/wp-content\/plugins\/vikbooking\/site\/resources\/uploads\/12cazare_arsenal_camereofiter.jpg\" alt=\"Camer\u0103 Dubl\u0103 Ofi\u021ber | Pachet 1 Mai\" \/>\n\t\t\t\t\t<\/div>\n\t\t\t\t\t\t\t\t\t<div class=\"vbo-pkgdet-room-det\">\n\t\t\t\t\t\t<h4 class=\"vbo-pkgdet-roomname\">Camer\u0103 Dubl\u0103 Ofi\u021ber | Pachet 1 Mai<\/h4>\n\t\t\t\t\t\t<div class=\"vbo-pkgdet-room-shortdescr\">Camer\u0103 dubl\u0103 - potrivit\u0103 aventurierilor care c\u0103l\u0103toresc \u00een doi sau cu familia.<\/div>\n\t\t\t\t\t<\/div>\n\t\t\t\t\t<div class=\"vbo-pkgdet-room-booknow\">\n\t\t\t\t\t\t<button type=\"button\" class=\"btn vbo-pkgdet-room-booknow-btn vbo-pref-color-btn\" data-room=\"7\" onclick=\"vboToggleRoomBooking('7');\">Check Availability<\/button>\n\t\t\t\t\t<\/div>\n\t\t\t\t<\/div>\n\t\t\t\t<div class=\"vbo-pkgdet-room-inner\" id=\"vbo-pkgdet-room7-inner\" style=\"display: none;\">\n\t\t\t\t\t\t\t\t<div class=\"vbo-seldates-cont vbo-pkgdet-room-form\">\n\t\t\t\t\t\t<h4>Select a check-in and check-out date<\/h4>\n\t\t\t\t\t\t\t\t\t\t\t<div class=\"vbmaxminpeopleroom\">\n\t\t\t\t\t\t\t\t\t\t\t\t\t<div class=\"vbmaxadultsdet\"><span class=\"vbmaximgdet\"><i class=\"fas fa-male\"><\/i><\/span><span class=\"vbmaxlabeldet\">Adults<\/span><span class=\"vbmaxnumberdet\">2<\/span><\/div>\n\t\t\t\t\t\t\t<div class=\"vbmaxchildrendet\"><span class=\"vbmaximgdet\"><i class=\"fas fa-child\"><\/i><\/span><span class=\"vbmaxlabeldet\">Children<\/span><span class=\"vbmaxnumberdet\">0 - 1<\/span><\/div>\n\t\t\t\t\t\t\t<div class=\"vbmaxtotdet\"><span class=\"vbmaximgdet\"><i class=\"fas fa-users\"><\/i><\/span><span class=\"vbmaxlabeldet\">Total People<\/span><span class=\"vbmaxnumberdet\">2 - 3<\/span><\/div>\n\t\t\t\t\t\t\t\t\t\t\t\t\t<\/div>\n\t\t\t\t\t\t\t\t\t\t\t\t<input type=\"hidden\" id=\"vbroomdethelper7\" value=\"1\"\/>\n\t\t\t\t\t\t<div class=\"vbo-room-details-booking-wrapper\">\n\t\t\t\t\t\t\t<div class=\"vbdivsearch\"><form action=\"https:\/\/arsenalpark.ro\/en\/offers\/may-1st-at-arsenal-park\/?option=com_vikbooking\" method=\"post\"><div class=\"vb-search-inner\">\n<input type=\"hidden\" name=\"option\" value=\"com_vikbooking\"\/>\n<input type=\"hidden\" name=\"task\" value=\"search\"\/>\n<input type=\"hidden\" name=\"roomdetail\" value=\"7\"\/>\n<input type=\"hidden\" name=\"pkg_id\" value=\"4\"\/>\n<div class=\"vbo-search-inpblock vbo-search-inpblock-checkin\"><label for=\"checkindate7\">Check-in date<\/label><div class=\"input-group\"><input type=\"text\" name=\"checkindate\" id=\"checkindate7\" size=\"10\" autocomplete=\"off\" onfocus=\"this.blur();\" readonly\/><i class=\"far fa-calendar-alt vbo-caltrigger\"><\/i><\/div><input type=\"hidden\" name=\"checkinh\" value=\"16\"\/><input type=\"hidden\" name=\"checkinm\" value=\"0\"\/><\/div>\n<div class=\"vbo-search-inpblock vbo-search-inpblock-checkout\"><label for=\"checkoutdate7\">Check-out date<\/label><div class=\"input-group\"><input type=\"text\" name=\"checkoutdate\" id=\"checkoutdate7\" size=\"10\" autocomplete=\"off\" onfocus=\"this.blur();\" readonly\/><i class=\"far fa-calendar-alt vbo-caltrigger\"><\/i><\/div><input type=\"hidden\" name=\"checkouth\" value=\"12\"\/><input type=\"hidden\" name=\"checkoutm\" value=\"0\"\/><\/div>\n<div class=\"vbo-search-num-racblock\">\n\t<div class=\"vbo-search-num-rooms\"><input type=\"hidden\" name=\"roomsnum\" value=\"1\">\n<\/div>\n\t<div class=\"vbo-search-num-aduchild-block\" id=\"vbo-search-num-aduchild-block7\">\n\t\t<div class=\"vbo-search-num-aduchild-entry\"><span class=\"vbo-search-roomnum\">Room 1<\/span>\n\t\t\t<div class=\"vbo-search-num-adults-entry\"><label class=\"vbo-search-num-adults-entry-label\">Adults<\/label><span class=\"vbo-search-num-adults-entry-inp\"><select name=\"adults[]\"><option value=\"2\">2<\/option><\/select><\/span><\/div>\n\t\t<div class=\"vbo-search-num-children-entry\"><label class=\"vbo-search-num-children-entry-label\">Children<\/label><span class=\"vbo-search-num-children-entry-inp\"><select name=\"children[]\"><option value=\"0\">0<\/option><option value=\"1\">1<\/option><\/select><\/span><\/div>\n\t\t<\/div>\n\t<\/div>\n\t<div id=\"vbjstotnights7\"><\/div>\n<\/div>\n<div class=\"vbo-search-submit\"><input type=\"submit\" name=\"search\" value=\"Book Now\" class=\"btn vbdetbooksubmit vbo-pref-color-btn\"\/><\/div>\n<\/div>\n<\/form><\/div>\t\t\t\t\t\t<\/div>\n\t\t\t\t\t\t\t\t\t\t<\/div>\n\t\t\t\t<\/div>\n\t\t\t<\/div>\n\t\t\t\t\n\t\t<\/div>\n\t\t<\/div>\n\n<\/div>\n\n<script type=\"text\/javascript\">\nfunction vboToggleRoomBooking(idr) {\n\tif (typeof jQuery != 'undefined') {\n\t\tvar elem = document.getElementById(\"vbo-pkgdet-room\"+idr+\"-inner\");\n\t\tif (elem.style.display == 'none') {\n\t\t\telem.style.display = 'block';\n\t\t} else {\n\t\t\telem.style.display = 'none';\n\t\t}\n\t} else {\n\t\tjQuery(\"#vbo-pkgdet-room\"+idr+\"-inner\").slideToggle();\n\t}\n}\nfunction vbSetGlobalMinCheckoutDate(rid) {\n\tvar nowcheckin = jQuery('#checkindate'+rid).datepicker('getDate');\n\tvar nowcheckindate = new Date(nowcheckin.getTime());\n\tnowcheckindate.setDate(nowcheckindate.getDate() + 2);\n\tjQuery('#checkoutdate'+rid).datepicker( 'option', 'minDate', nowcheckindate );\n\tvar scndcheckin = jQuery('#checkindate'+rid).datepicker('getDate');\n\tvar scndcheckindate = new Date(scndcheckin.getTime());\n\tscndcheckindate.setDate(scndcheckindate.getDate() + 2);\n\tjQuery('#checkoutdate'+rid).datepicker( 'option', 'maxDate', scndcheckindate );\n\t}\nfunction vbCalcNights(rid) {\n\tvar vbcheckin = document.getElementById('checkindate'+rid).value;\n\tvar vbcheckout = document.getElementById('checkoutdate'+rid).value;\n\tif (vbcheckin.length > 0 && vbcheckout.length > 0) {\n\t\tvar vbcheckinp = vbcheckin.split(\"\/\");\n\t\tvar vbcheckoutp = vbcheckout.split(\"\/\");\n\t\t\tvar vbinmonth = parseInt(vbcheckinp[1]);\n\t\tvbinmonth = vbinmonth - 1;\n\t\tvar vbinday = parseInt(vbcheckinp[0], 10);\n\t\tvar vbcheckind = new Date(vbcheckinp[2], vbinmonth, vbinday);\n\t\tvar vboutmonth = parseInt(vbcheckoutp[1]);\n\t\tvboutmonth = vboutmonth - 1;\n\t\tvar vboutday = parseInt(vbcheckoutp[0], 10);\n\t\tvar vbcheckoutd = new Date(vbcheckoutp[2], vboutmonth, vboutday);\n\t\t\t\tvar vbdivider = 1000 * 60 * 60 * 24;\n\t\tvar vbints = vbcheckind.getTime();\n\t\tvar vboutts = vbcheckoutd.getTime();\n\t\tif (vboutts > vbints) {\n\t\t\t\/\/var vbnights = Math.ceil((vboutts - vbints) \/ (vbdivider));\n\t\t\tvar utc1 = Date.UTC(vbcheckind.getFullYear(), vbcheckind.getMonth(), vbcheckind.getDate());\n\t\t\tvar utc2 = Date.UTC(vbcheckoutd.getFullYear(), vbcheckoutd.getMonth(), vbcheckoutd.getDate());\n\t\t\tvar vbnights = Math.ceil((utc2 - utc1) \/ vbdivider);\n\t\t\tif (vbnights > 0) {\n\t\t\t\tdocument.getElementById('vbjstotnights'+rid).innerHTML = 'Nights: '+vbnights;\n\t\t\t} else {\n\t\t\t\tdocument.getElementById('vbjstotnights'+rid).innerHTML = '';\n\t\t\t}\n\t\t} else {\n\t\t\tdocument.getElementById('vbjstotnights'+rid).innerHTML = '';\n\t\t}\n\t} else {\n\t\tdocument.getElementById('vbjstotnights'+rid).innerHTML = '';\n\t}\n}\nfunction vbAddElement(rid) {\n\tvar ni = document.getElementById('vbo-search-num-aduchild-block'+rid);\n\tvar numi = document.getElementById('vbroomdethelper'+rid);\n\tvar num = (document.getElementById('vbroomdethelper'+rid).value -1)+ 2;\n\tnumi.value = num;\n\tvar newdiv = document.createElement('div');\n\tvar divIdName = 'vb'+num+'detracont';\n\tnewdiv.setAttribute('id',divIdName);\n\tnewdiv.innerHTML = '<div class=\\'vbo-search-num-aduchild-entry\\'><span class=\\'vbo-search-roomnum\\'>Room '+ num +'<\/span><div class=\\'vbo-search-num-adults-entry\\'><label class=\\'vbo-search-num-adults-entry-label\\'>Adults<\/label><span class=\\'vbo-search-num-adults-entry-inp\\'><select name=\\'adults[]\\'><option value=\\'2\\'>2<\/option><\/select><\/span><\/div><div class=\\'vbo-search-num-children-entry\\'><label class=\\'vbo-search-num-children-entry-label\\'>Children<\/label><span class=\\'vbo-search-num-adults-entry-inp\\'><select name=\\'children[]\\'><option value=\\'0\\'>0<\/option><option value=\\'1\\'>1<\/option><\/select><\/span><\/div><\/div>';\n\tni.appendChild(newdiv);\n}\nfunction vbSetRoomsAdults(totrooms, rid) {\n\tvar actrooms = parseInt(document.getElementById('vbroomdethelper'+rid).value);\n\tvar torooms = parseInt(totrooms);\n\tvar difrooms;\n\tif (torooms > actrooms) {\n\t\tdifrooms = torooms - actrooms;\n\t\tfor(var ir=1; ir<=difrooms; ir++) {\n\t\t\tvbAddElement(rid);\n\t\t}\n\t}\n\tif (torooms < actrooms) {\n\t\tfor(var ir=actrooms; ir>torooms; ir--) {\n\t\t\tif (ir > 1) {\n\t\t\t\tvar rmra = document.getElementById('vb' + ir + 'detracont');\n\t\t\t\trmra.parentNode.removeChild(rmra);\n\t\t\t}\n\t\t}\n\t\tdocument.getElementById('vbroomdethelper'+rid).value = torooms;\n\t}\n}\nfunction vbFullObject(obj) {\n\tvar jk;\n\tfor(jk in obj) {\n\t\treturn obj.hasOwnProperty(jk);\n\t}\n}\njQuery(function() {\n\tjQuery('.vb-cal-img, .vbo-caltrigger').click(function(){\n\t\tvar jdp = jQuery(this).prev('input.hasDatepicker');\n\t\tif (jdp.length) {\n\t\t\tjdp.focus();\n\t\t}\n\t});\n});\n<\/script>\n<\/div>\n\n","protected":false},"excerpt":{"rendered":"","protected":false},"author":4,"featured_media":3284,"parent":1185,"menu_order":0,"comment_status":"closed","ping_status":"closed","template":"","meta":{"_acf_changed":false,"footnotes":""},"class_list":["post-3403","page","type-page","status-publish","has-post-thumbnail","hentry"],"acf":[],"yoast_head":"<!-- This site is optimized with the Yoast SEO plugin v26.8 - https:\/\/yoast.com\/product\/yoast-seo-wordpress\/ -->\n<title>May 1st at Arsenal Park - Arsenal Park<\/title>\n<meta name=\"robots\" content=\"index, follow, max-snippet:-1, max-image-preview:large, max-video-preview:-1\" \/>\n<link rel=\"canonical\" href=\"https:\/\/arsenalpark.ro\/en\/offers\/may-1st-at-arsenal-park\/\" \/>\n<meta property=\"og:locale\" content=\"en_US\" \/>\n<meta property=\"og:type\" content=\"article\" \/>\n<meta property=\"og:title\" content=\"May 1st at Arsenal Park - Arsenal Park\" \/>\n<meta property=\"og:url\" content=\"https:\/\/arsenalpark.ro\/en\/offers\/may-1st-at-arsenal-park\/\" \/>\n<meta property=\"og:site_name\" content=\"Arsenal Park\" \/>\n<meta property=\"article:publisher\" content=\"https:\/\/www.facebook.com\/ArsenalPark\" \/>\n<meta property=\"article:modified_time\" content=\"2026-02-18T23:25:42+00:00\" \/>\n<meta property=\"og:image\" content=\"https:\/\/arsenalpark.ro\/wp-content\/uploads\/2026\/01\/sarbatori-1mai-2026.jpg\" \/>\n\t<meta property=\"og:image:width\" content=\"900\" \/>\n\t<meta property=\"og:image:height\" content=\"900\" \/>\n\t<meta property=\"og:image:type\" content=\"image\/jpeg\" \/>\n<meta name=\"twitter:card\" content=\"summary_large_image\" \/>\n<meta name=\"twitter:label1\" content=\"Est. reading time\" \/>\n\t<meta name=\"twitter:data1\" content=\"1 minute\" \/>\n<script type=\"application\/ld+json\" class=\"yoast-schema-graph\">{\"@context\":\"https:\/\/schema.org\",\"@graph\":[{\"@type\":\"WebPage\",\"@id\":\"https:\/\/arsenalpark.ro\/en\/offers\/may-1st-at-arsenal-park\/\",\"url\":\"https:\/\/arsenalpark.ro\/en\/offers\/may-1st-at-arsenal-park\/\",\"name\":\"May 1st at Arsenal Park - Arsenal Park\",\"isPartOf\":{\"@id\":\"https:\/\/arsenalpark.ro\/en\/#website\"},\"primaryImageOfPage\":{\"@id\":\"https:\/\/arsenalpark.ro\/en\/offers\/may-1st-at-arsenal-park\/#primaryimage\"},\"image\":{\"@id\":\"https:\/\/arsenalpark.ro\/en\/offers\/may-1st-at-arsenal-park\/#primaryimage\"},\"thumbnailUrl\":\"https:\/\/arsenalpark.ro\/wp-content\/uploads\/2026\/01\/sarbatori-1mai-2026.jpg\",\"datePublished\":\"2025-04-24T18:49:25+00:00\",\"dateModified\":\"2026-02-18T23:25:42+00:00\",\"breadcrumb\":{\"@id\":\"https:\/\/arsenalpark.ro\/en\/offers\/may-1st-at-arsenal-park\/#breadcrumb\"},\"inLanguage\":\"en-US\",\"potentialAction\":[{\"@type\":\"ReadAction\",\"target\":[\"https:\/\/arsenalpark.ro\/en\/offers\/may-1st-at-arsenal-park\/\"]}]},{\"@type\":\"ImageObject\",\"inLanguage\":\"en-US\",\"@id\":\"https:\/\/arsenalpark.ro\/en\/offers\/may-1st-at-arsenal-park\/#primaryimage\",\"url\":\"https:\/\/arsenalpark.ro\/wp-content\/uploads\/2026\/01\/sarbatori-1mai-2026.jpg\",\"contentUrl\":\"https:\/\/arsenalpark.ro\/wp-content\/uploads\/2026\/01\/sarbatori-1mai-2026.jpg\",\"width\":900,\"height\":900},{\"@type\":\"BreadcrumbList\",\"@id\":\"https:\/\/arsenalpark.ro\/en\/offers\/may-1st-at-arsenal-park\/#breadcrumb\",\"itemListElement\":[{\"@type\":\"ListItem\",\"position\":1,\"name\":\"Prima pagin\u0103\",\"item\":\"https:\/\/arsenalpark.ro\/en\/\"},{\"@type\":\"ListItem\",\"position\":2,\"name\":\"Offers\",\"item\":\"https:\/\/arsenalpark.ro\/en\/offers\/\"},{\"@type\":\"ListItem\",\"position\":3,\"name\":\"May 1st at Arsenal Park\"}]},{\"@type\":\"WebSite\",\"@id\":\"https:\/\/arsenalpark.ro\/en\/#website\",\"url\":\"https:\/\/arsenalpark.ro\/en\/\",\"name\":\"Arsenal Aventura & Aqua Park\",\"description\":\"\",\"publisher\":{\"@id\":\"https:\/\/arsenalpark.ro\/en\/#organization\"},\"alternateName\":\"Arsenal Park\",\"potentialAction\":[{\"@type\":\"SearchAction\",\"target\":{\"@type\":\"EntryPoint\",\"urlTemplate\":\"https:\/\/arsenalpark.ro\/en\/?s={search_term_string}\"},\"query-input\":{\"@type\":\"PropertyValueSpecification\",\"valueRequired\":true,\"valueName\":\"search_term_string\"}}],\"inLanguage\":\"en-US\"},{\"@type\":\"Organization\",\"@id\":\"https:\/\/arsenalpark.ro\/en\/#organization\",\"name\":\"Arsenal Aventura & Aqua Park\",\"alternateName\":\"Arsenal Park\",\"url\":\"https:\/\/arsenalpark.ro\/en\/\",\"logo\":{\"@type\":\"ImageObject\",\"inLanguage\":\"en-US\",\"@id\":\"https:\/\/arsenalpark.ro\/en\/#\/schema\/logo\/image\/\",\"url\":\"https:\/\/arsenalpark.ro\/wp-content\/uploads\/2025\/03\/logo-Arsenal-Aventura-and-AquaPark.jpg\",\"contentUrl\":\"https:\/\/arsenalpark.ro\/wp-content\/uploads\/2025\/03\/logo-Arsenal-Aventura-and-AquaPark.jpg\",\"width\":1182,\"height\":1182,\"caption\":\"Arsenal Aventura & Aqua Park\"},\"image\":{\"@id\":\"https:\/\/arsenalpark.ro\/en\/#\/schema\/logo\/image\/\"},\"sameAs\":[\"https:\/\/www.facebook.com\/ArsenalPark\",\"https:\/\/wa.me\/+40799108391\",\"https:\/\/www.tiktok.com\/@arsenalparkromania\",\"https:\/\/www.instagram.com\/arsenalpark_romania\/\",\"https:\/\/www.youtube.com\/channel\/UC9S7vUdH2TlEyIbgJVKY8kQ\"]}]}<\/script>\n<!-- \/ Yoast SEO plugin. -->","yoast_head_json":{"title":"May 1st at Arsenal Park - Arsenal Park","robots":{"index":"index","follow":"follow","max-snippet":"max-snippet:-1","max-image-preview":"max-image-preview:large","max-video-preview":"max-video-preview:-1"},"canonical":"https:\/\/arsenalpark.ro\/en\/offers\/may-1st-at-arsenal-park\/","og_locale":"en_US","og_type":"article","og_title":"May 1st at Arsenal Park - Arsenal Park","og_url":"https:\/\/arsenalpark.ro\/en\/offers\/may-1st-at-arsenal-park\/","og_site_name":"Arsenal Park","article_publisher":"https:\/\/www.facebook.com\/ArsenalPark","article_modified_time":"2026-02-18T23:25:42+00:00","og_image":[{"width":900,"height":900,"url":"https:\/\/arsenalpark.ro\/wp-content\/uploads\/2026\/01\/sarbatori-1mai-2026.jpg","type":"image\/jpeg"}],"twitter_card":"summary_large_image","twitter_misc":{"Est. reading time":"1 minute"},"schema":{"@context":"https:\/\/schema.org","@graph":[{"@type":"WebPage","@id":"https:\/\/arsenalpark.ro\/en\/offers\/may-1st-at-arsenal-park\/","url":"https:\/\/arsenalpark.ro\/en\/offers\/may-1st-at-arsenal-park\/","name":"May 1st at Arsenal Park - Arsenal Park","isPartOf":{"@id":"https:\/\/arsenalpark.ro\/en\/#website"},"primaryImageOfPage":{"@id":"https:\/\/arsenalpark.ro\/en\/offers\/may-1st-at-arsenal-park\/#primaryimage"},"image":{"@id":"https:\/\/arsenalpark.ro\/en\/offers\/may-1st-at-arsenal-park\/#primaryimage"},"thumbnailUrl":"https:\/\/arsenalpark.ro\/wp-content\/uploads\/2026\/01\/sarbatori-1mai-2026.jpg","datePublished":"2025-04-24T18:49:25+00:00","dateModified":"2026-02-18T23:25:42+00:00","breadcrumb":{"@id":"https:\/\/arsenalpark.ro\/en\/offers\/may-1st-at-arsenal-park\/#breadcrumb"},"inLanguage":"en-US","potentialAction":[{"@type":"ReadAction","target":["https:\/\/arsenalpark.ro\/en\/offers\/may-1st-at-arsenal-park\/"]}]},{"@type":"ImageObject","inLanguage":"en-US","@id":"https:\/\/arsenalpark.ro\/en\/offers\/may-1st-at-arsenal-park\/#primaryimage","url":"https:\/\/arsenalpark.ro\/wp-content\/uploads\/2026\/01\/sarbatori-1mai-2026.jpg","contentUrl":"https:\/\/arsenalpark.ro\/wp-content\/uploads\/2026\/01\/sarbatori-1mai-2026.jpg","width":900,"height":900},{"@type":"BreadcrumbList","@id":"https:\/\/arsenalpark.ro\/en\/offers\/may-1st-at-arsenal-park\/#breadcrumb","itemListElement":[{"@type":"ListItem","position":1,"name":"Prima pagin\u0103","item":"https:\/\/arsenalpark.ro\/en\/"},{"@type":"ListItem","position":2,"name":"Offers","item":"https:\/\/arsenalpark.ro\/en\/offers\/"},{"@type":"ListItem","position":3,"name":"May 1st at Arsenal Park"}]},{"@type":"WebSite","@id":"https:\/\/arsenalpark.ro\/en\/#website","url":"https:\/\/arsenalpark.ro\/en\/","name":"Arsenal Aventura & Aqua Park","description":"","publisher":{"@id":"https:\/\/arsenalpark.ro\/en\/#organization"},"alternateName":"Arsenal Park","potentialAction":[{"@type":"SearchAction","target":{"@type":"EntryPoint","urlTemplate":"https:\/\/arsenalpark.ro\/en\/?s={search_term_string}"},"query-input":{"@type":"PropertyValueSpecification","valueRequired":true,"valueName":"search_term_string"}}],"inLanguage":"en-US"},{"@type":"Organization","@id":"https:\/\/arsenalpark.ro\/en\/#organization","name":"Arsenal Aventura & Aqua Park","alternateName":"Arsenal Park","url":"https:\/\/arsenalpark.ro\/en\/","logo":{"@type":"ImageObject","inLanguage":"en-US","@id":"https:\/\/arsenalpark.ro\/en\/#\/schema\/logo\/image\/","url":"https:\/\/arsenalpark.ro\/wp-content\/uploads\/2025\/03\/logo-Arsenal-Aventura-and-AquaPark.jpg","contentUrl":"https:\/\/arsenalpark.ro\/wp-content\/uploads\/2025\/03\/logo-Arsenal-Aventura-and-AquaPark.jpg","width":1182,"height":1182,"caption":"Arsenal Aventura & Aqua Park"},"image":{"@id":"https:\/\/arsenalpark.ro\/en\/#\/schema\/logo\/image\/"},"sameAs":["https:\/\/www.facebook.com\/ArsenalPark","https:\/\/wa.me\/+40799108391","https:\/\/www.tiktok.com\/@arsenalparkromania","https:\/\/www.instagram.com\/arsenalpark_romania\/","https:\/\/www.youtube.com\/channel\/UC9S7vUdH2TlEyIbgJVKY8kQ"]}]}},"_links":{"self":[{"href":"https:\/\/arsenalpark.ro\/en\/wp-json\/wp\/v2\/pages\/3403","targetHints":{"allow":["GET"]}}],"collection":[{"href":"https:\/\/arsenalpark.ro\/en\/wp-json\/wp\/v2\/pages"}],"about":[{"href":"https:\/\/arsenalpark.ro\/en\/wp-json\/wp\/v2\/types\/page"}],"author":[{"embeddable":true,"href":"https:\/\/arsenalpark.ro\/en\/wp-json\/wp\/v2\/users\/4"}],"replies":[{"embeddable":true,"href":"https:\/\/arsenalpark.ro\/en\/wp-json\/wp\/v2\/comments?post=3403"}],"version-history":[{"count":2,"href":"https:\/\/arsenalpark.ro\/en\/wp-json\/wp\/v2\/pages\/3403\/revisions"}],"predecessor-version":[{"id":3420,"href":"https:\/\/arsenalpark.ro\/en\/wp-json\/wp\/v2\/pages\/3403\/revisions\/3420"}],"up":[{"embeddable":true,"href":"https:\/\/arsenalpark.ro\/en\/wp-json\/wp\/v2\/pages\/1185"}],"wp:featuredmedia":[{"embeddable":true,"href":"https:\/\/arsenalpark.ro\/en\/wp-json\/wp\/v2\/media\/3284"}],"wp:attachment":[{"href":"https:\/\/arsenalpark.ro\/en\/wp-json\/wp\/v2\/media?parent=3403"}],"curies":[{"name":"wp","href":"https:\/\/api.w.org\/{rel}","templated":true}]}}